{"id":3168,"date":"2015-09-03T10:35:04","date_gmt":"2015-09-03T08:35:04","guid":{"rendered":"http:\/\/www.ahjacetania.es\/en\/entorno\/"},"modified":"2017-01-16T17:45:18","modified_gmt":"2017-01-16T16:45:18","slug":"the-area","status":"publish","type":"page","link":"https:\/\/ahjacetania.es\/en\/the-area\/","title":{"rendered":"The Area"},"content":{"rendered":"[vc_row][vc_column][vc_column_text el_class=&#8221;cajaapartamentos&#8221;]\r\n<h6 class=\"titulomano\" style=\"text-align: center;\">Living History of the Aragonese Pyrenee<\/h6>\r\n[\/vc_column_text][\/vc_column][\/vc_row][vc_row][vc_column width=&#8221;2\/3&#8243;][vc_empty_space][rev_slider_vc alias=&#8221;jaca-entorno-en&#8221;][\/vc_column][vc_column width=&#8221;1\/3&#8243;][vc_empty_space height=&#8221;73px&#8221;][vc_column_text el_class=&#8221;cajaapartamentos&#8221;]\r\n<p style=\"text-align: center;\">In the area around <strong>Jaca<\/strong> you can come upon lovely villages on the <strong>Romanesque Route<\/strong>, or discover magical sites like the Selva de Oza.<\/p>\r\n\r\n[\/vc_column_text][\/vc_column][\/vc_row][vc_row][vc_column width=&#8221;1\/3&#8243;][vc_column_text el_class=&#8221;tituloinfo&#8221;]\r\n<h5 style=\"text-align: center;\">ORDESA &amp; MONTE PERDIDO<\/h5>\r\n[\/vc_column_text][vc_empty_space height=&#8221;20px&#8221;][vc_single_image image=&#8221;1138&#8243; img_size=&#8221;full&#8221;][vc_empty_space height=&#8221;10px&#8221;][vc_column_text el_class=&#8221;textojacaciudad&#8221;]\r\n<p style=\"text-align: center;\">55 Km from our Apartahotel you can visit the <strong>Ordesa and Monte Perdido National Park<\/strong>, a unique experience <strong>in the heart of the Pyrenees<\/strong>.<\/p>\r\n<p style=\"text-align: center;\">The park&#8217;s <strong>perfectly marked routes<\/strong> are ideal for families. As you climb higher, the landscape changes gradually, until you come upon the Horsetail Waterfall at the top, with its crystal clear waters tumbling down from the high mountains.<\/p>\r\n<p style=\"text-align: center;\">And if you feel bold enough, you can climb on towards the peak of <strong>Monte Perdido<\/strong>.<\/p>\r\n\r\n[\/vc_column_text][\/vc_column][vc_column width=&#8221;1\/3&#8243;][vc_column_text el_class=&#8221;tituloinfo&#8221;]\r\n<h5 style=\"text-align: center;\">SAN JUAN DE LA PE\u00d1A<\/h5>\r\n[\/vc_column_text][vc_empty_space height=&#8221;20px&#8221;][vc_single_image image=&#8221;1139&#8243; img_size=&#8221;full&#8221;][vc_empty_space height=&#8221;10px&#8221;][vc_column_text el_class=&#8221;textojacaciudad&#8221;]\r\n<p style=\"text-align: center;\">The most remarkable element in the space at <strong>San Juan de la Pe\u00f1a<\/strong> is the <strong>Old Monastery (11th century), a treasure of the Middle Ages<\/strong>.<\/p>\r\n<p style=\"text-align: center;\">There are <strong>guided visits<\/strong> which allow the visitor to discover the history and life of the monastery and its dwellers.<\/p>\r\n<p style=\"text-align: center;\">The complex is completed by the <strong>New Monastery (16th century)<\/strong>, which contains the Kingdom of Aragon Interpretation Centre, and the Monastery of San Juan Interpretation Centre.<\/p>\r\n\r\n[\/vc_column_text][\/vc_column][vc_column width=&#8221;1\/3&#8243;][vc_column_text el_class=&#8221;tituloinfo&#8221;]\r\n<h5 style=\"text-align: center;\">THE ARAGON VALLEY<\/h5>\r\n[\/vc_column_text][vc_empty_space height=&#8221;20px&#8221;][vc_single_image image=&#8221;1141&#8243; img_size=&#8221;full&#8221;][vc_empty_space height=&#8221;10px&#8221;][vc_column_text el_class=&#8221;textojacaciudad&#8221;]\r\n<p style=\"text-align: center;\">The <strong>Aragon Valley<\/strong> can be traced from Jaca, the Jacetania county town, up to Candanch\u00fa and Ast\u00fan, border villages with France.<\/p>\r\n<p style=\"text-align: center;\">Along the valley you come upon the villages of Castiello de Jaca, Villan\u00faa, Canfranc, Canfranc Estaci\u00f3n, Candanch\u00fa, and Ast\u00fan.<\/p>\r\n<p style=\"text-align: center;\">It is also a passage oblig\u00e9 for the <strong>pilgrims on their way to Santiago<\/strong>.<\/p>\r\n\r\n[\/vc_column_text][\/vc_column][\/vc_row][vc_row margin_top=&#8221;40&#8243;][vc_column width=&#8221;1\/3&#8243;][vc_column_text el_class=&#8221;tituloinfo&#8221;]\r\n<h5 style=\"text-align: center;\">OTHER SITES<\/h5>\r\n[\/vc_column_text][vc_empty_space height=&#8221;20px&#8221;][vc_single_image image=&#8221;1142&#8243; img_size=&#8221;full&#8221;][vc_empty_space height=&#8221;10px&#8221;][vc_column_text el_class=&#8221;textojacaciudad&#8221;]\r\n<p style=\"text-align: center;\">Not too far from the <strong>Apartahotel&amp;Spa Jacetania***<\/strong> there are other privileged sites where you can enjoy <strong>architecture and history<\/strong>, such as <strong>the castle of Loarre, the church of San Francisco Javier or the sanctuary at Lourdes<\/strong>.<\/p>\r\n\r\n[\/vc_column_text][\/vc_column][vc_column width=&#8221;1\/3&#8243;][vc_column_text el_class=&#8221;tituloinfo&#8221;]\r\n<h5 style=\"text-align: center;\">INCREDIBLE VILLAGES<\/h5>\r\n[\/vc_column_text][vc_empty_space height=&#8221;20px&#8221;][vc_single_image image=&#8221;2806&#8243; img_size=&#8221;full&#8221;][vc_empty_space height=&#8221;10px&#8221;][vc_column_text el_class=&#8221;textojacaciudad&#8221;]\r\n<p style=\"text-align: center;\">In the area around Jaca there are some <strong>idyllic villages<\/strong> that have been preserved without losing the magic from other times. There are various valleys we can visit, such as the <strong>Canal de Berd\u00fan<\/strong>, with the Hecho and Ans\u00f3 valleys, or the A\u00edsa valley, all combining tradition, architecture, and culture.<\/p>\r\n\r\n[\/vc_column_text][\/vc_column][vc_column width=&#8221;1\/3&#8243;][\/vc_column][\/vc_row]","protected":false},"excerpt":{"rendered":"[vc_row][vc_column][vc_column_text el_class=&#8221;cajaapartamentos&#8221;] Living History of the Aragonese Pyrenee [\/vc_column_text][\/vc_column][\/vc_row][vc_row][vc_column width=&#8221;2\/3&#8243;][vc_empty_space][rev_slider_vc alias=&#8221;jaca-entorno-en&#8221;][\/vc_column][vc_column width=&#8221;1\/3&#8243;][vc_empty_space height=&#8221;73px&#8221;][vc_column_text el_class=&#8221;cajaapartamentos&#8221;] In the area around Jaca you can come upon lovely villages on the Romanesque Route, or discover magical sites like the Selva de Oza. [\/vc_column_text][\/vc_column][\/vc_row][vc_row][vc_column width=&#8221;1\/3&#8243;][vc_column_text el_class=&#8221;tituloinfo&#8221;] ORDESA &amp; MONTE PERDIDO [\/vc_column_text][vc_empty_space height=&#8221;20px&#8221;][vc_single_image image=&#8221;1138&#8243; img_size=&#8221;full&#8221;][vc_empty_space height=&#8221;10px&#8221;][vc_column_text el_class=&#8221;textojacaciudad&#8221;] 55 Km from our&hellip;","protected":false},"author":1,"featured_media":0,"parent":0,"menu_order":0,"comment_status":"closed","ping_status":"closed","template":"","meta":[],"_links":{"self":[{"href":"https:\/\/ahjacetania.es\/en\/wp-json\/wp\/v2\/pages\/3168"}],"collection":[{"href":"https:\/\/ahjacetania.es\/en\/wp-json\/wp\/v2\/pages"}],"about":[{"href":"https:\/\/ahjacetania.es\/en\/wp-json\/wp\/v2\/types\/page"}],"author":[{"embeddable":true,"href":"https:\/\/ahjacetania.es\/en\/wp-json\/wp\/v2\/users\/1"}],"replies":[{"embeddable":true,"href":"https:\/\/ahjacetania.es\/en\/wp-json\/wp\/v2\/comments?post=3168"}],"version-history":[{"count":3,"href":"https:\/\/ahjacetania.es\/en\/wp-json\/wp\/v2\/pages\/3168\/revisions"}],"predecessor-version":[{"id":3301,"href":"https:\/\/ahjacetania.es\/en\/wp-json\/wp\/v2\/pages\/3168\/revisions\/3301"}],"wp:attachment":[{"href":"https:\/\/ahjacetania.es\/en\/wp-json\/wp\/v2\/media?parent=3168"}],"curies":[{"name":"wp","href":"https:\/\/api.w.org\/{rel}","templated":true}]}}